{"id":261306,"date":"2025-05-14T19:42:26","date_gmt":"2025-05-14T23:42:26","guid":{"rendered":"http:\/\/btsmithlaw.com\/areas-de-practica\/"},"modified":"2025-08-23T21:00:55","modified_gmt":"2025-08-24T01:00:55","slug":"areas-de-practica","status":"publish","type":"page","link":"https:\/\/btsmithlaw.com\/es\/areas-de-practica\/","title":{"rendered":"\u00c1reas de pr\u00e1ctica"},"content":{"rendered":"<p>[et_pb_section fb_built=\u00bb1&#8243; _builder_version=\u00bb4.27.4&#8243; _module_preset=\u00bbdefault\u00bb background_color=\u00bb#162144&#8243; background_enable_pattern_style=\u00bbon\u00bb background_pattern_style=\u00bbsquares\u00bb background_pattern_color=\u00bb#162144&#8243; global_colors_info=\u00bb{}\u00bb][et_pb_row _builder_version=\u00bb4.27.4&#8243; _module_preset=\u00bbdefault\u00bb border_width_bottom=\u00bb5px\u00bb border_color_bottom=\u00bb#AE996F\u00bb global_colors_info=\u00bb{}\u00bb][et_pb_column type=\u00bb4_4&#8243; _builder_version=\u00bb4.27.4&#8243; _module_preset=\u00bbdefault\u00bb global_colors_info=\u00bb{}\u00bb][et_pb_text _builder_version=\u00bb4.27.4&#8243; _module_preset=\u00bbdefault\u00bb header_text_color=\u00bb#FFFFFF\u00bb header_font_size=\u00bb42px\u00bb global_colors_info=\u00bb{}\u00bb]<\/p>\n<h1>Nuestras \u00e1reas de pr\u00e1ctica<\/h1>\n<p>[\/et_pb_text][\/et_pb_column][\/et_pb_row][et_pb_row column_structure=\u00bb1_3,1_3,1_3&#8243; _builder_version=\u00bb4.27.4&#8243; _module_preset=\u00bbdefault\u00bb width=\u00bb70%\u00bb max_width=\u00bb70%\u00bb custom_margin=\u00bb||||false\u00bb custom_padding=\u00bb8vh||8vh||true|false\u00bb global_colors_info=\u00bb{}\u00bb][et_pb_column type=\u00bb1_3&#8243; _builder_version=\u00bb4.27.4&#8243; _module_preset=\u00bbdefault\u00bb border_color_all=\u00bbrgba(0,0,0,0.15)\u00bb border_width_all_last_edited=\u00bboff|desktop\u00bb global_colors_info=\u00bb{}\u00bb background__hover_enabled=\u00bbon|hover\u00bb transform_styles__hover_enabled=\u00bbon|hover\u00bb transform_scale__hover_enabled=\u00bbon|hover\u00bb transform_translate__hover_enabled=\u00bbon|desktop\u00bb transform_rotate__hover_enabled=\u00bbon|desktop\u00bb transform_skew__hover_enabled=\u00bbon|desktop\u00bb transform_origin__hover_enabled=\u00bbon|desktop\u00bb transform_scale__hover=\u00bb103%|103%\u00bb background_color__hover=\u00bbrgba(255,255,255,0.02)\u00bb background_enable_color__hover=\u00bbon\u00bb border_radii__hover_enabled=\u00bbon|hover\u00bb border_width_all__hover_enabled=\u00bbon|hover\u00bb border_width_all__hover=\u00bb1px\u00bb][et_pb_blurb title=\u00bbLesiones personales\u00bb use_icon=\u00bbon\u00bb font_icon=\u00bb&#xf5e1;||fa||900&#8243; icon_color=\u00bb#FFFFFF\u00bb icon_placement=\u00bbleft\u00bb image_icon_width=\u00bb75px\u00bb _builder_version=\u00bb4.27.4&#8243; _module_preset=\u00bbdefault\u00bb header_font=\u00bb&#8211;et_global_body_font|700|||||||\u00bb header_text_align=\u00bbleft\u00bb header_text_color=\u00bb#FFFFFF\u00bb header_font_size=\u00bb24px\u00bb body_font=\u00bb&#8211;et_global_body_font||||||||\u00bb body_text_color=\u00bb#D6D6D6&#8243; body_font_size=\u00bb16px\u00bb custom_padding=\u00bb25px|8px|25px|8px|true|true\u00bb link_option_url=\u00bbhttp:\/\/btsmithlaw.com\/es\/areas-de-practica\/lesiones-personales\/\u00bb hover_enabled=\u00bb0&#8243; global_colors_info=\u00bb{}\u00bb sticky_enabled=\u00bb0&#8243;]<\/p>\n<p>\u00bfLesionado por negligencia ajena? Ayudamos a los clientes de Greenville, SC, a obtener la atenci\u00f3n m\u00e9dica, el apoyo y la indemnizaci\u00f3n que merecen despu\u00e9s de accidentes, incluidos accidentes de tr\u00e1fico, lesiones laborales y reclamaciones por homicidio culposo.<\/p>\n<p>[\/et_pb_blurb][\/et_pb_column][et_pb_column type=\u00bb1_3&#8243; _builder_version=\u00bb4.27.4&#8243; _module_preset=\u00bbdefault\u00bb global_colors_info=\u00bb{}\u00bb transform_styles__hover_enabled=\u00bbon|hover\u00bb background_color__hover=\u00bbrgba(255,255,255,0.02)\u00bb background__hover_enabled=\u00bbon|hover\u00bb background_enable_color__hover=\u00bbon\u00bb transform_scale__hover=\u00bb103%|103%\u00bb transform_scale__hover_enabled=\u00bbon|hover\u00bb transform_translate__hover_enabled=\u00bbon|desktop\u00bb transform_rotate__hover_enabled=\u00bbon|desktop\u00bb transform_skew__hover_enabled=\u00bbon|desktop\u00bb transform_origin__hover_enabled=\u00bbon|desktop\u00bb][et_pb_blurb title=\u00bbDerecho de extranjer\u00eda\u00bb use_icon=\u00bbon\u00bb font_icon=\u00bb&#xf0c0;||fa||900&#8243; icon_color=\u00bb#FFFFFF\u00bb icon_placement=\u00bbleft\u00bb image_icon_width=\u00bb75px\u00bb _builder_version=\u00bb4.27.4&#8243; _module_preset=\u00bbdefault\u00bb header_font=\u00bb&#8211;et_global_body_font|700|||||||\u00bb header_text_align=\u00bbleft\u00bb header_text_color=\u00bb#FFFFFF\u00bb header_font_size=\u00bb24px\u00bb body_font=\u00bb&#8211;et_global_body_font||||||||\u00bb body_text_color=\u00bb#D6D6D6&#8243; body_font_size=\u00bb16px\u00bb custom_padding=\u00bb25px|8px|25px|8px|true|true\u00bb link_option_url=\u00bbhttp:\/\/btsmithlaw.com\/es\/areas-de-practica\/derecho-de-extranjeria\/\u00bb hover_enabled=\u00bb0&#8243; global_colors_info=\u00bb{}\u00bb sticky_enabled=\u00bb0&#8243;]<\/p>\n<p>Navegar por el sistema de inmigraci\u00f3n estadounidense puede ser abrumador. Ayudamos a personas y familias de Greenville con la tarjeta verde, la ciudadan\u00eda, la defensa contra la deportaci\u00f3n, los visados y mucho m\u00e1s, ofreci\u00e9ndoles orientaci\u00f3n de confianza en cada paso del camino.<\/p>\n<p>[\/et_pb_blurb][\/et_pb_column][et_pb_column type=\u00bb1_3&#8243; _builder_version=\u00bb4.27.4&#8243; _module_preset=\u00bbdefault\u00bb global_colors_info=\u00bb{}\u00bb transform_styles__hover_enabled=\u00bbon|hover\u00bb background_color__hover=\u00bbrgba(255,255,255,0.02)\u00bb background__hover_enabled=\u00bbon|hover\u00bb background_enable_color__hover=\u00bbon\u00bb transform_scale__hover=\u00bb103%|103%\u00bb transform_scale__hover_enabled=\u00bbon|hover\u00bb transform_translate__hover_enabled=\u00bbon|desktop\u00bb transform_rotate__hover_enabled=\u00bbon|desktop\u00bb transform_skew__hover_enabled=\u00bbon|desktop\u00bb transform_origin__hover_enabled=\u00bbon|desktop\u00bb][et_pb_blurb title=\u00bbDefensa Penal\u00bb use_icon=\u00bbon\u00bb font_icon=\u00bb&#xf6fa;||fa||900&#8243; icon_color=\u00bb#FFFFFF\u00bb icon_placement=\u00bbleft\u00bb image_icon_width=\u00bb75px\u00bb _builder_version=\u00bb4.27.4&#8243; _module_preset=\u00bbdefault\u00bb header_font=\u00bb&#8211;et_global_body_font|700|||||||\u00bb header_text_align=\u00bbleft\u00bb header_text_color=\u00bb#FFFFFF\u00bb header_font_size=\u00bb24px\u00bb body_font=\u00bb&#8211;et_global_body_font||||||||\u00bb body_text_color=\u00bb#D6D6D6&#8243; body_font_size=\u00bb16px\u00bb custom_padding=\u00bb25px|8px|25px|8px|true|true\u00bb link_option_url=\u00bbhttp:\/\/btsmithlaw.com\/es\/areas-de-practica\/defensa-penal\/\u00bb hover_enabled=\u00bb0&#8243; global_colors_info=\u00bb{}\u00bb sticky_enabled=\u00bb0&#8243;]<\/p>\n<p>Si te han acusado de un delito, tu futuro est\u00e1 en juego. Defendemos a clientes de todo Greenville, SC, contra DUI, delitos de drogas, agresi\u00f3n, robo y otros cargos, protegiendo tus derechos con habilidad y determinaci\u00f3n.<\/p>\n<p>[\/et_pb_blurb][\/et_pb_column][\/et_pb_row][et_pb_row _builder_version=\u00bb4.27.4&#8243; _module_preset=\u00bbdefault\u00bb global_colors_info=\u00bb{}\u00bb][et_pb_column type=\u00bb4_4&#8243; _builder_version=\u00bb4.27.4&#8243; _module_preset=\u00bbdefault\u00bb global_colors_info=\u00bb{}\u00bb][et_pb_cta title=\u00bbCONSULTA GRATUITA  \u00bb _builder_version=\u00bb4.27.4&#8243; _module_preset=\u00bbdefault\u00bb header_font=\u00bb&#8211;et_global_heading_font|800||on|||||\u00bb header_text_color=\u00bb#162144&#8243; header_font_size=\u00bb3vw\u00bb header_letter_spacing=\u00bb2px\u00bb background_color=\u00bb#AE996F\u00bb link_option_url=\u00bbhttp:\/\/btsmithlaw.com\/es\/contacta-con-nosotros\/\u00bb global_colors_info=\u00bb{}\u00bb transform_styles__hover_enabled=\u00bbon|hover\u00bb transform_scale__hover_enabled=\u00bbon|hover\u00bb transform_translate__hover_enabled=\u00bbon|desktop\u00bb transform_rotate__hover_enabled=\u00bbon|desktop\u00bb transform_skew__hover_enabled=\u00bbon|desktop\u00bb transform_origin__hover_enabled=\u00bbon|desktop\u00bb transform_scale__hover=\u00bb80%|80%\u00bb][\/et_pb_cta][\/et_pb_column][\/et_pb_row][\/et_pb_section]<\/p>\n","protected":false},"excerpt":{"rendered":"<p>Nuestras \u00e1reas de pr\u00e1ctica\u00bfLesionado por negligencia ajena? Ayudamos a los clientes de Greenville, SC, a obtener la atenci\u00f3n m\u00e9dica, el apoyo y la indemnizaci\u00f3n que merecen despu\u00e9s de accidentes, incluidos accidentes de tr\u00e1fico, lesiones laborales y reclamaciones por homicidio culposo.Navegar por el sistema de inmigraci\u00f3n estadounidense puede ser abrumador. Ayudamos a personas y familias de [&hellip;]<\/p>\n","protected":false},"author":1,"featured_media":0,"parent":0,"menu_order":0,"comment_status":"closed","ping_status":"closed","template":"","meta":{"_et_pb_use_builder":"on","_et_pb_old_content":"","_et_gb_content_width":"","footnotes":""},"class_list":["post-261306","page","type-page","status-publish","hentry"],"_links":{"self":[{"href":"https:\/\/btsmithlaw.com\/es\/wp-json\/wp\/v2\/pages\/261306","targetHints":{"allow":["GET"]}}],"collection":[{"href":"https:\/\/btsmithlaw.com\/es\/wp-json\/wp\/v2\/pages"}],"about":[{"href":"https:\/\/btsmithlaw.com\/es\/wp-json\/wp\/v2\/types\/page"}],"author":[{"embeddable":true,"href":"https:\/\/btsmithlaw.com\/es\/wp-json\/wp\/v2\/users\/1"}],"replies":[{"embeddable":true,"href":"https:\/\/btsmithlaw.com\/es\/wp-json\/wp\/v2\/comments?post=261306"}],"version-history":[{"count":4,"href":"https:\/\/btsmithlaw.com\/es\/wp-json\/wp\/v2\/pages\/261306\/revisions"}],"predecessor-version":[{"id":261310,"href":"https:\/\/btsmithlaw.com\/es\/wp-json\/wp\/v2\/pages\/261306\/revisions\/261310"}],"wp:attachment":[{"href":"https:\/\/btsmithlaw.com\/es\/wp-json\/wp\/v2\/media?parent=261306"}],"curies":[{"name":"wp","href":"https:\/\/api.w.org\/{rel}","templated":true}]}}