{"id":261300,"date":"2025-04-09T16:31:05","date_gmt":"2025-04-09T20:31:05","guid":{"rendered":"http:\/\/btsmithlaw.com\/contacta-con-nosotros\/"},"modified":"2025-08-23T21:00:22","modified_gmt":"2025-08-24T01:00:22","slug":"contacta-con-nosotros","status":"publish","type":"page","link":"https:\/\/btsmithlaw.com\/es\/contacta-con-nosotros\/","title":{"rendered":"Contacta con nosotros"},"content":{"rendered":"<p>[et_pb_section fb_built=\u00bb1&#8243; next_background_color=\u00bb#f2f2f2&#8243; _builder_version=\u00bb4.27.4&#8243; _module_preset=\u00bbdefault\u00bb use_background_color_gradient=\u00bbon\u00bb background_color_gradient_direction=\u00bb90deg\u00bb background_color_gradient_stops=\u00bb#162144 50%|#f2f2f2 50%\u00bb top_divider_color=\u00bb#f2f2f2&#8243; bottom_divider_style=\u00bbarrow\u00bb background_color_tablet=\u00bb#162144&#8243; background_color_phone=\u00bb#162144&#8243; background_last_edited=\u00bbon|tablet\u00bb background_enable_color_tablet=\u00bbon\u00bb background_enable_color_phone=\u00bbon\u00bb use_background_color_gradient_tablet=\u00bboff\u00bb use_background_color_gradient_phone=\u00bboff\u00bb global_colors_info=\u00bb{}\u00bb][et_pb_row column_structure=\u00bb3_5,2_5&#8243; _builder_version=\u00bb4.27.4&#8243; _module_preset=\u00bbdefault\u00bb max_width=\u00bb80%\u00bb global_colors_info=\u00bb{}\u00bb][et_pb_column type=\u00bb3_5&#8243; _builder_version=\u00bb4.27.4&#8243; _module_preset=\u00bbdefault\u00bb global_colors_info=\u00bb{}\u00bb][et_pb_text _builder_version=\u00bb4.27.4&#8243; _module_preset=\u00bbdefault\u00bb header_font=\u00bb|||on|||||\u00bb header_text_color=\u00bb#FFFFFF\u00bb header_font_size=\u00bb52px\u00bb custom_margin=\u00bb||7.5vh||false|false\u00bb global_colors_info=\u00bb{}\u00bb]<\/p>\n<h1>Contacta con nosotros<\/h1>\n<p>[\/et_pb_text][et_pb_blurb title=\u00bb(864) 239 2007&#8243; use_icon=\u00bbon\u00bb font_icon=\u00bb&#xe090;||divi||400&#8243; icon_color=\u00bb#FFFFFF\u00bb icon_placement=\u00bbleft\u00bb image_icon_width=\u00bb40px\u00bb _builder_version=\u00bb4.27.4&#8243; _module_preset=\u00bbdefault\u00bb header_level=\u00bbh6&#8243; header_font=\u00bbLato|700|||||||\u00bb header_text_color=\u00bb#FFFFFF\u00bb header_font_size=\u00bb26px\u00bb body_font=\u00bbLato||||||||\u00bb body_text_color=\u00bb#FFFFFF\u00bb body_font_size=\u00bb18px\u00bb locked=\u00bboff\u00bb global_colors_info=\u00bb{}\u00bb][\/et_pb_blurb][et_pb_blurb title=\u00bbhello@btsmithlaw.com\u00bb use_icon=\u00bbon\u00bb font_icon=\u00bb&#xf1fa;||fa||900&#8243; icon_color=\u00bb#FFFFFF\u00bb icon_placement=\u00bbleft\u00bb image_icon_width=\u00bb40px\u00bb _builder_version=\u00bb4.27.4&#8243; _module_preset=\u00bbdefault\u00bb header_level=\u00bbh6&#8243; header_font=\u00bbLato|700|||||||\u00bb header_text_color=\u00bb#FFFFFF\u00bb header_font_size=\u00bb26px\u00bb body_font=\u00bbLato||||||||\u00bb body_text_color=\u00bb#FFFFFF\u00bb body_font_size=\u00bb18px\u00bb locked=\u00bboff\u00bb global_colors_info=\u00bb{}\u00bb][\/et_pb_blurb][et_pb_blurb title=\u00bbCalle Pettigru 714&#8243; use_icon=\u00bbon\u00bb font_icon=\u00bb&#xf5eb;||fa||900&#8243; icon_color=\u00bb#FFFFFF\u00bb icon_placement=\u00bbleft\u00bb image_icon_width=\u00bb40px\u00bb _builder_version=\u00bb4.27.4&#8243; _module_preset=\u00bbdefault\u00bb header_level=\u00bbh6&#8243; header_font=\u00bbLato|700|||||||\u00bb header_text_color=\u00bb#FFFFFF\u00bb header_font_size=\u00bb26px\u00bb body_font=\u00bbLato||||||||\u00bb body_text_color=\u00bb#FFFFFF\u00bb body_font_size=\u00bb26px\u00bb locked=\u00bboff\u00bb global_colors_info=\u00bb{}\u00bb]<\/p>\n<p>Greenville, SC 29601<\/p>\n<p>[\/et_pb_blurb][\/et_pb_column][et_pb_column type=\u00bb2_5&#8243; _builder_version=\u00bb4.27.4&#8243; _module_preset=\u00bbdefault\u00bb background_color=\u00bb#162144&#8243; custom_padding=\u00bb52px|25px|52px|25px|true|true\u00bb global_colors_info=\u00bb{}\u00bb][et_pb_contact_form captcha=\u00bboff\u00bb _builder_version=\u00bb4.27.4&#8243; _module_preset=\u00bbdefault\u00bb _unique_id=\u00bb19d7fc05-b439-48f9-9be9-cd19a58e046e\u00bb form_field_text_color=\u00bb#000000&#8243; form_field_font=\u00bb&#8211;et_global_body_font|700|||||||\u00bb custom_button=\u00bbon\u00bb button_text_color=\u00bb#FFFFFF\u00bb button_bg_color=\u00bb#AE996F\u00bb button_border_width=\u00bb0px\u00bb button_custom_margin=\u00bb20px||||false|false\u00bb button_custom_margin_tablet=\u00bb20px||||false|false\u00bb button_custom_margin_phone=\u00bb20px||||false|false\u00bb button_custom_margin_last_edited=\u00bbon|desktop\u00bb global_colors_info=\u00bb{}\u00bb][et_pb_contact_field field_id=\u00bbName\u00bb field_title=\u00bbNombre\u00bb fullwidth_field=\u00bbon\u00bb _builder_version=\u00bb4.27.4&#8243; global_colors_info=\u00bb{}\u00bb button_text_size__hover_enabled=\u00bboff\u00bb button_one_text_size__hover_enabled=\u00bboff\u00bb button_two_text_size__hover_enabled=\u00bboff\u00bb button_text_color__hover_enabled=\u00bboff\u00bb button_one_text_color__hover_enabled=\u00bboff\u00bb button_two_text_color__hover_enabled=\u00bboff\u00bb button_border_width__hover_enabled=\u00bboff\u00bb button_one_border_width__hover_enabled=\u00bboff\u00bb button_two_border_width__hover_enabled=\u00bboff\u00bb button_border_color__hover_enabled=\u00bboff\u00bb button_one_border_color__hover_enabled=\u00bboff\u00bb button_two_border_color__hover_enabled=\u00bboff\u00bb button_border_radius__hover_enabled=\u00bboff\u00bb button_one_border_radius__hover_enabled=\u00bboff\u00bb button_two_border_radius__hover_enabled=\u00bboff\u00bb button_letter_spacing__hover_enabled=\u00bboff\u00bb button_one_letter_spacing__hover_enabled=\u00bboff\u00bb button_two_letter_spacing__hover_enabled=\u00bboff\u00bb button_bg_color__hover_enabled=\u00bboff\u00bb button_one_bg_color__hover_enabled=\u00bboff\u00bb button_two_bg_color__hover_enabled=\u00bboff\u00bb][\/et_pb_contact_field][et_pb_contact_field field_id=\u00bbEmail\u00bb field_title=\u00bbDirecci\u00f3n de correo electr\u00f3nico\u00bb field_type=\u00bbemail\u00bb fullwidth_field=\u00bbon\u00bb _builder_version=\u00bb4.27.4&#8243; global_colors_info=\u00bb{}\u00bb button_text_size__hover_enabled=\u00bboff\u00bb button_one_text_size__hover_enabled=\u00bboff\u00bb button_two_text_size__hover_enabled=\u00bboff\u00bb button_text_color__hover_enabled=\u00bboff\u00bb button_one_text_color__hover_enabled=\u00bboff\u00bb button_two_text_color__hover_enabled=\u00bboff\u00bb button_border_width__hover_enabled=\u00bboff\u00bb button_one_border_width__hover_enabled=\u00bboff\u00bb button_two_border_width__hover_enabled=\u00bboff\u00bb button_border_color__hover_enabled=\u00bboff\u00bb button_one_border_color__hover_enabled=\u00bboff\u00bb button_two_border_color__hover_enabled=\u00bboff\u00bb button_border_radius__hover_enabled=\u00bboff\u00bb button_one_border_radius__hover_enabled=\u00bboff\u00bb button_two_border_radius__hover_enabled=\u00bboff\u00bb button_letter_spacing__hover_enabled=\u00bboff\u00bb button_one_letter_spacing__hover_enabled=\u00bboff\u00bb button_two_letter_spacing__hover_enabled=\u00bboff\u00bb button_bg_color__hover_enabled=\u00bboff\u00bb button_one_bg_color__hover_enabled=\u00bboff\u00bb button_two_bg_color__hover_enabled=\u00bboff\u00bb][\/et_pb_contact_field][et_pb_contact_field field_id=\u00bbMessage\u00bb field_title=\u00bbMensaje\u00bb field_type=\u00bbtext\u00bb fullwidth_field=\u00bbon\u00bb _builder_version=\u00bb4.16&#8243; global_colors_info=\u00bb{}\u00bb button_text_size__hover_enabled=\u00bboff\u00bb button_one_text_size__hover_enabled=\u00bboff\u00bb button_two_text_size__hover_enabled=\u00bboff\u00bb button_text_color__hover_enabled=\u00bboff\u00bb button_one_text_color__hover_enabled=\u00bboff\u00bb button_two_text_color__hover_enabled=\u00bboff\u00bb button_border_width__hover_enabled=\u00bboff\u00bb button_one_border_width__hover_enabled=\u00bboff\u00bb button_two_border_width__hover_enabled=\u00bboff\u00bb button_border_color__hover_enabled=\u00bboff\u00bb button_one_border_color__hover_enabled=\u00bboff\u00bb button_two_border_color__hover_enabled=\u00bboff\u00bb button_border_radius__hover_enabled=\u00bboff\u00bb button_one_border_radius__hover_enabled=\u00bboff\u00bb button_two_border_radius__hover_enabled=\u00bboff\u00bb button_letter_spacing__hover_enabled=\u00bboff\u00bb button_one_letter_spacing__hover_enabled=\u00bboff\u00bb button_two_letter_spacing__hover_enabled=\u00bboff\u00bb button_bg_color__hover_enabled=\u00bboff\u00bb button_one_bg_color__hover_enabled=\u00bboff\u00bb button_two_bg_color__hover_enabled=\u00bboff\u00bb][\/et_pb_contact_field][\/et_pb_contact_form][\/et_pb_column][\/et_pb_row][\/et_pb_section][et_pb_section fb_built=\u00bb1&#8243; _builder_version=\u00bb4.27.4&#8243; _module_preset=\u00bbdefault\u00bb background_color=\u00bb#f2f2f2&#8243; global_colors_info=\u00bb{}\u00bb disabled_on=\u00bbon|on|on\u00bb disabled=\u00bbon\u00bb][et_pb_row _builder_version=\u00bb4.27.4&#8243; _module_preset=\u00bbdefault\u00bb global_colors_info=\u00bb{}\u00bb][et_pb_column type=\u00bb4_4&#8243; _builder_version=\u00bb4.27.4&#8243; _module_preset=\u00bbdefault\u00bb global_colors_info=\u00bb{}\u00bb][et_pb_text _builder_version=\u00bb4.27.4&#8243; _module_preset=\u00bbdefault\u00bb header_font=\u00bb|||on|||||\u00bb header_text_color=\u00bb#FFFFFF\u00bb header_font_size=\u00bb52px\u00bb header_2_font=\u00bb&#8211;et_global_heading_font|700|||||||\u00bb header_2_text_align=\u00bbcenter\u00bb header_2_text_color=\u00bb#000000&#8243; header_2_font_size=\u00bb42px\u00bb header_2_letter_spacing=\u00bb0.2em\u00bb header_4_font=\u00bb&#8211;et_global_body_font||||||||\u00bb header_4_text_align=\u00bbcenter\u00bb header_5_font=\u00bb&#8211;et_global_body_font|700|||||||\u00bb header_5_text_align=\u00bbcenter\u00bb header_5_text_color=\u00bb#AE996F\u00bb header_5_font_size=\u00bb18px\u00bb custom_margin=\u00bb0px||0px||true|false\u00bb global_colors_info=\u00bb{}\u00bb]<\/p>\n<h5>Preguntas frecuentes<\/h5>\n<p>[\/et_pb_text][et_pb_text _builder_version=\u00bb4.27.4&#8243; _module_preset=\u00bbdefault\u00bb header_font=\u00bb|||on|||||\u00bb header_text_color=\u00bb#FFFFFF\u00bb header_font_size=\u00bb52px\u00bb header_2_font=\u00bb&#8211;et_global_body_font|900|||||||\u00bb header_2_text_align=\u00bbcenter\u00bb header_2_text_color=\u00bb#000000&#8243; header_2_font_size=\u00bb75px\u00bb header_2_letter_spacing=\u00bb0.2em\u00bb header_2_text_shadow_style=\u00bbpreset5&#8243; header_2_text_shadow_horizontal_length=\u00bb0.06em\u00bb header_2_text_shadow_vertical_length=\u00bb0.02em\u00bb header_2_text_shadow_color=\u00bb#AE996F\u00bb global_colors_info=\u00bb{}\u00bb]<\/p>\n<h2>PREGUNTAS FRECUENTES<\/h2>\n<p>[\/et_pb_text][\/et_pb_column][\/et_pb_row][et_pb_row column_structure=\u00bb1_2,1_2&#8243; _builder_version=\u00bb4.27.4&#8243; _module_preset=\u00bbdefault\u00bb global_colors_info=\u00bb{}\u00bb][et_pb_column type=\u00bb1_2&#8243; _builder_version=\u00bb4.27.4&#8243; _module_preset=\u00bbdefault\u00bb global_colors_info=\u00bb{}\u00bb][et_pb_accordion open_toggle_text_color=\u00bb#AE996F\u00bb open_toggle_background_color=\u00bb#162144&#8243; closed_toggle_background_color=\u00bb#162144&#8243; toggle_icon=\u00bb&#xf150;||fa||400&#8243; icon_color=\u00bb#AE996F\u00bb use_icon_font_size=\u00bbon\u00bb icon_font_size=\u00bb22px\u00bb _builder_version=\u00bb4.27.4&#8243; _module_preset=\u00bbdefault\u00bb toggle_text_color=\u00bb#AE996F\u00bb toggle_font=\u00bb&#8211;et_global_body_font|600|||||||\u00bb toggle_font_size=\u00bb16px\u00bb closed_toggle_font=\u00bb&#8211;et_global_body_font||||||||\u00bb body_font=\u00bb&#8211;et_global_body_font|700|||||||\u00bb body_text_align=\u00bbleft\u00bb body_text_color=\u00bb#FFFFFF\u00bb global_colors_info=\u00bb{}\u00bb toggle_icon__hover_enabled=\u00bboff|desktop\u00bb][et_pb_accordion_item title=\u00bbTu t\u00edtulo va aqu\u00ed\u00bb open=\u00bbon\u00bb _builder_version=\u00bb4.27.4&#8243; _module_preset=\u00bbdefault\u00bb global_colors_info=\u00bb{}\u00bb]<\/p>\n<p>Tu contenido va aqu\u00ed. Edita o elimina este texto en l\u00ednea o en la configuraci\u00f3n de Contenido del m\u00f3dulo. Tambi\u00e9n puedes dar estilo a cada aspecto de este contenido en la configuraci\u00f3n de Dise\u00f1o del m\u00f3dulo e incluso aplicar CSS personalizado a este texto en la configuraci\u00f3n Avanzada del m\u00f3dulo.<\/p>\n<p>[\/et_pb_accordion_item][et_pb_accordion_item title=\u00bbTu t\u00edtulo va aqu\u00ed\u00bb _builder_version=\u00bb4.27.4&#8243; _module_preset=\u00bbdefault\u00bb global_colors_info=\u00bb{}\u00bb open=\u00bboff\u00bb]<\/p>\n<p>Tu contenido va aqu\u00ed. Edita o elimina este texto en l\u00ednea o en la configuraci\u00f3n de Contenido del m\u00f3dulo. Tambi\u00e9n puedes dar estilo a cada aspecto de este contenido en la configuraci\u00f3n de Dise\u00f1o del m\u00f3dulo e incluso aplicar CSS personalizado a este texto en la configuraci\u00f3n Avanzada del m\u00f3dulo.<\/p>\n<p>[\/et_pb_accordion_item][et_pb_accordion_item title=\u00bbTu t\u00edtulo va aqu\u00ed\u00bb _builder_version=\u00bb4.27.4&#8243; _module_preset=\u00bbdefault\u00bb global_colors_info=\u00bb{}\u00bb open=\u00bboff\u00bb]<\/p>\n<p>Tu contenido va aqu\u00ed. Edita o elimina este texto en l\u00ednea o en la configuraci\u00f3n de Contenido del m\u00f3dulo. Tambi\u00e9n puedes dar estilo a cada aspecto de este contenido en la configuraci\u00f3n de Dise\u00f1o del m\u00f3dulo e incluso aplicar CSS personalizado a este texto en la configuraci\u00f3n Avanzada del m\u00f3dulo.<\/p>\n<p>[\/et_pb_accordion_item][et_pb_accordion_item title=\u00bbTu t\u00edtulo va aqu\u00ed\u00bb _builder_version=\u00bb4.27.4&#8243; _module_preset=\u00bbdefault\u00bb global_colors_info=\u00bb{}\u00bb open=\u00bboff\u00bb]<\/p>\n<p>Tu contenido va aqu\u00ed. Edita o elimina este texto en l\u00ednea o en la configuraci\u00f3n de Contenido del m\u00f3dulo. Tambi\u00e9n puedes dar estilo a cada aspecto de este contenido en la configuraci\u00f3n de Dise\u00f1o del m\u00f3dulo e incluso aplicar CSS personalizado a este texto en la configuraci\u00f3n Avanzada del m\u00f3dulo.<\/p>\n<p>[\/et_pb_accordion_item][\/et_pb_accordion][\/et_pb_column][et_pb_column type=\u00bb1_2&#8243; _builder_version=\u00bb4.27.4&#8243; _module_preset=\u00bbdefault\u00bb global_colors_info=\u00bb{}\u00bb][et_pb_accordion open_toggle_text_color=\u00bb#AE996F\u00bb open_toggle_background_color=\u00bb#162144&#8243; closed_toggle_background_color=\u00bb#162144&#8243; toggle_icon=\u00bb&#xf150;||fa||400&#8243; icon_color=\u00bb#AE996F\u00bb use_icon_font_size=\u00bbon\u00bb icon_font_size=\u00bb22px\u00bb _builder_version=\u00bb4.27.4&#8243; _module_preset=\u00bbdefault\u00bb toggle_text_color=\u00bb#AE996F\u00bb toggle_font=\u00bb&#8211;et_global_body_font|600|||||||\u00bb toggle_font_size=\u00bb16px\u00bb closed_toggle_font=\u00bb&#8211;et_global_body_font||||||||\u00bb body_font=\u00bb&#8211;et_global_body_font|700|||||||\u00bb body_text_align=\u00bbleft\u00bb body_text_color=\u00bb#FFFFFF\u00bb global_colors_info=\u00bb{}\u00bb][et_pb_accordion_item title=\u00bbTu t\u00edtulo va aqu\u00ed\u00bb open=\u00bbon\u00bb _builder_version=\u00bb4.27.4&#8243; _module_preset=\u00bbdefault\u00bb global_colors_info=\u00bb{}\u00bb]<\/p>\n<p>Tu contenido va aqu\u00ed. Edita o elimina este texto en l\u00ednea o en la configuraci\u00f3n de Contenido del m\u00f3dulo. Tambi\u00e9n puedes dar estilo a cada aspecto de este contenido en la configuraci\u00f3n de Dise\u00f1o del m\u00f3dulo e incluso aplicar CSS personalizado a este texto en la configuraci\u00f3n Avanzada del m\u00f3dulo.<\/p>\n<p>[\/et_pb_accordion_item][et_pb_accordion_item title=\u00bbTu t\u00edtulo va aqu\u00ed\u00bb _builder_version=\u00bb4.27.4&#8243; _module_preset=\u00bbdefault\u00bb global_colors_info=\u00bb{}\u00bb open=\u00bboff\u00bb]<\/p>\n<p>Tu contenido va aqu\u00ed. Edita o elimina este texto en l\u00ednea o en la configuraci\u00f3n de Contenido del m\u00f3dulo. Tambi\u00e9n puedes dar estilo a cada aspecto de este contenido en la configuraci\u00f3n de Dise\u00f1o del m\u00f3dulo e incluso aplicar CSS personalizado a este texto en la configuraci\u00f3n Avanzada del m\u00f3dulo.<\/p>\n<p>[\/et_pb_accordion_item][et_pb_accordion_item title=\u00bbTu t\u00edtulo va aqu\u00ed\u00bb _builder_version=\u00bb4.27.4&#8243; _module_preset=\u00bbdefault\u00bb global_colors_info=\u00bb{}\u00bb open=\u00bboff\u00bb]<\/p>\n<p>Tu contenido va aqu\u00ed. Edita o elimina este texto en l\u00ednea o en la configuraci\u00f3n de Contenido del m\u00f3dulo. Tambi\u00e9n puedes dar estilo a cada aspecto de este contenido en la configuraci\u00f3n de Dise\u00f1o del m\u00f3dulo e incluso aplicar CSS personalizado a este texto en la configuraci\u00f3n Avanzada del m\u00f3dulo.<\/p>\n<p>[\/et_pb_accordion_item][et_pb_accordion_item title=\u00bbTu t\u00edtulo va aqu\u00ed\u00bb _builder_version=\u00bb4.27.4&#8243; _module_preset=\u00bbdefault\u00bb global_colors_info=\u00bb{}\u00bb open=\u00bboff\u00bb]<\/p>\n<p>Tu contenido va aqu\u00ed. Edita o elimina este texto en l\u00ednea o en la configuraci\u00f3n de Contenido del m\u00f3dulo. Tambi\u00e9n puedes dar estilo a cada aspecto de este contenido en la configuraci\u00f3n de Dise\u00f1o del m\u00f3dulo e incluso aplicar CSS personalizado a este texto en la configuraci\u00f3n Avanzada del m\u00f3dulo.<\/p>\n<p>[\/et_pb_accordion_item][\/et_pb_accordion][\/et_pb_column][\/et_pb_row][\/et_pb_section]<\/p>\n","protected":false},"excerpt":{"rendered":"<p>Contacta con nosotrosGreenville, SC 29601Preguntas frecuentesPREGUNTAS FRECUENTESTu contenido va aqu\u00ed. Edita o elimina este texto en l\u00ednea o en la configuraci\u00f3n de Contenido del m\u00f3dulo. Tambi\u00e9n puedes dar estilo a cada aspecto de este contenido en la configuraci\u00f3n de Dise\u00f1o del m\u00f3dulo e incluso aplicar CSS personalizado a este texto en la configuraci\u00f3n Avanzada del [&hellip;]<\/p>\n","protected":false},"author":1,"featured_media":0,"parent":0,"menu_order":0,"comment_status":"closed","ping_status":"closed","template":"","meta":{"_et_pb_use_builder":"on","_et_pb_old_content":"","_et_gb_content_width":"","footnotes":""},"class_list":["post-261300","page","type-page","status-publish","hentry"],"_links":{"self":[{"href":"https:\/\/btsmithlaw.com\/es\/wp-json\/wp\/v2\/pages\/261300","targetHints":{"allow":["GET"]}}],"collection":[{"href":"https:\/\/btsmithlaw.com\/es\/wp-json\/wp\/v2\/pages"}],"about":[{"href":"https:\/\/btsmithlaw.com\/es\/wp-json\/wp\/v2\/types\/page"}],"author":[{"embeddable":true,"href":"https:\/\/btsmithlaw.com\/es\/wp-json\/wp\/v2\/users\/1"}],"replies":[{"embeddable":true,"href":"https:\/\/btsmithlaw.com\/es\/wp-json\/wp\/v2\/comments?post=261300"}],"version-history":[{"count":4,"href":"https:\/\/btsmithlaw.com\/es\/wp-json\/wp\/v2\/pages\/261300\/revisions"}],"predecessor-version":[{"id":261305,"href":"https:\/\/btsmithlaw.com\/es\/wp-json\/wp\/v2\/pages\/261300\/revisions\/261305"}],"wp:attachment":[{"href":"https:\/\/btsmithlaw.com\/es\/wp-json\/wp\/v2\/media?parent=261300"}],"curies":[{"name":"wp","href":"https:\/\/api.w.org\/{rel}","templated":true}]}}